{"id":431,"date":"2023-10-06T12:13:54","date_gmt":"2023-10-06T09:13:54","guid":{"rendered":"https:\/\/www.newlectures.fi\/?page_id=431"},"modified":"2024-10-03T14:23:00","modified_gmt":"2024-10-03T11:23:00","slug":"nils-erik-wickberg","status":"publish","type":"page","link":"https:\/\/www.newlectures.fi\/fi\/","title":{"rendered":"Nils Erik Wickberg"},"content":{"rendered":"\t\t<div data-elementor-type=\"wp-page\" data-elementor-id=\"431\" class=\"elementor elementor-431\">\n\t\t\t\t\t\t<section class=\"elementor-section elementor-top-section elementor-element elementor-element-75700d9 elementor-section-boxed elementor-section-height-default elementor-section-height-default\" data-id=\"75700d9\" data-element_type=\"section\">\n\t\t\t\t\t\t<div class=\"elementor-container elementor-column-gap-default\">\n\t\t\t\t\t<div class=\"elementor-column elementor-col-100 elementor-top-column elementor-element elementor-element-994dea9\" data-id=\"994dea9\" data-element_type=\"column\">\n\t\t\t<div class=\"elementor-widget-wrap elementor-element-populated\">\n\t\t\t\t\t\t<div class=\"elementor-element elementor-element-bb050cb elementor-widget elementor-widget-spacer\" data-id=\"bb050cb\" data-element_type=\"widget\" data-widget_type=\"spacer.default\">\n\t\t\t\t<div class=\"elementor-widget-container\">\n\t\t\t\t\t<div class=\"elementor-spacer\">\n\t\t\t<div class=\"elementor-spacer-inner\"><\/div>\n\t\t<\/div>\n\t\t\t\t<\/div>\n\t\t\t\t<\/div>\n\t\t\t\t\t<\/div>\n\t\t<\/div>\n\t\t\t\t\t<\/div>\n\t\t<\/section>\n\t\t\t\t<section class=\"elementor-section elementor-top-section elementor-element elementor-element-e18fe65 elementor-section-boxed elementor-section-height-default elementor-section-height-default\" data-id=\"e18fe65\" data-element_type=\"section\">\n\t\t\t\t\t\t<div class=\"elementor-container elementor-column-gap-default\">\n\t\t\t\t\t<div class=\"elementor-column elementor-col-50 elementor-top-column elementor-element elementor-element-3e1e9c7\" data-id=\"3e1e9c7\" data-element_type=\"column\">\n\t\t\t<div class=\"elementor-widget-wrap elementor-element-populated\">\n\t\t\t\t\t\t<div class=\"elementor-element elementor-element-c5d069d elementor-widget elementor-widget-image\" data-id=\"c5d069d\" data-element_type=\"widget\" data-widget_type=\"image.default\">\n\t\t\t\t<div class=\"elementor-widget-container\">\n\t\t\t\t\t\t\t\t\t\t\t\t\t<img fetchpriority=\"high\" decoding=\"async\" width=\"768\" height=\"768\" src=\"https:\/\/www.newlectures.fi\/wp-content\/uploads\/2022\/09\/NEW_logo4-768x768.jpg\" class=\"attachment-medium_large size-medium_large wp-image-258\" alt=\"\" srcset=\"https:\/\/www.newlectures.fi\/wp-content\/uploads\/2022\/09\/NEW_logo4-768x768.jpg 768w, https:\/\/www.newlectures.fi\/wp-content\/uploads\/2022\/09\/NEW_logo4-300x300.jpg 300w, https:\/\/www.newlectures.fi\/wp-content\/uploads\/2022\/09\/NEW_logo4-1024x1024.jpg 1024w, https:\/\/www.newlectures.fi\/wp-content\/uploads\/2022\/09\/NEW_logo4-150x150.jpg 150w, https:\/\/www.newlectures.fi\/wp-content\/uploads\/2022\/09\/NEW_logo4-1536x1536.jpg 1536w, https:\/\/www.newlectures.fi\/wp-content\/uploads\/2022\/09\/NEW_logo4-2048x2048.jpg 2048w, https:\/\/www.newlectures.fi\/wp-content\/uploads\/2022\/09\/NEW_logo4-12x12.jpg 12w\" sizes=\"(max-width: 768px) 100vw, 768px\" \/>\t\t\t\t\t\t\t\t\t\t\t\t\t<\/div>\n\t\t\t\t<\/div>\n\t\t\t\t\t<\/div>\n\t\t<\/div>\n\t\t\t\t<div class=\"elementor-column elementor-col-50 elementor-top-column elementor-element elementor-element-0753715\" data-id=\"0753715\" data-element_type=\"column\">\n\t\t\t<div class=\"elementor-widget-wrap elementor-element-populated\">\n\t\t\t\t\t\t<div class=\"elementor-element elementor-element-05b782c elementor-widget elementor-widget-text-editor\" data-id=\"05b782c\" data-element_type=\"widget\" data-widget_type=\"text-editor.default\">\n\t\t\t\t<div class=\"elementor-widget-container\">\n\t\t\t\t\t\t\t<div><h4><strong>Nils Erik Wickberg<\/strong> -rahasto on Teknillisen korkeakoulun pitk\u00e4aikaisen rakennustaiteen historian ja tyyliopin professorin\u00a0Nils Erik Wickbergin\u00a0perinn\u00f6lle perustettu rahasto. Rahaston p\u00e4\u00e4asiallisena tavoitteena on edist\u00e4\u00e4 arkkitehtuurin historian opetusta ja tutkimusta.<\/h4><\/div><footer role=\"contentinfo\"><div><div><span style=\"font-size: 16px;\">\u00a0<\/span><\/div><div><span style=\"font-size: 16px;\">\u00a0<\/span><\/div><div><span style=\"font-size: 16px;\">Sivustoa hallinnoi Nils Erik Wickberg -komitea ja monialainen ty\u00f6ryhm\u00e4 yhteisty\u00f6ss\u00e4 Aalto-yliopiston arkkitehtuurin historian ja restauroinnin professuurin kanssa.<\/span><\/div><div>\u00a0<\/div><p style=\"font-size: 16px;\"><span style=\"font-weight: bolder;\">\u00a9<\/span>\u00a0Nils Erik Wickberg Committee, Department of Architecture, Aalto University 2021<\/p><\/div><\/footer>\t\t\t\t\t\t<\/div>\n\t\t\t\t<\/div>\n\t\t\t\t\t<\/div>\n\t\t<\/div>\n\t\t\t\t\t<\/div>\n\t\t<\/section>\n\t\t\t\t<\/div>\n\t\t","protected":false},"excerpt":{"rendered":"<p>Nils Erik Wickberg -rahasto on Teknillisen korkeakoulun pitk\u00e4aikaisen rakennustaiteen historian ja tyyliopin professorin\u00a0Nils Erik Wickbergin\u00a0perinn\u00f6lle perustettu rahasto. Rahaston p\u00e4\u00e4asiallisena tavoitteena on edist\u00e4\u00e4 arkkitehtuurin historian opetusta ja tutkimusta. \u00a0\u00a0Sivustoa hallinnoi Nils Erik Wickberg -komitea ja monialainen ty\u00f6ryhm\u00e4 yhteisty\u00f6ss\u00e4 Aalto-yliopiston arkkitehtuurin historian ja restauroinnin professuurin kanssa.\u00a0 \u00a9\u00a0Nils Erik Wickberg Committee, Department of Architecture, Aalto University 2021<\/p>\n","protected":false},"author":1,"featured_media":0,"parent":0,"menu_order":1,"comment_status":"closed","ping_status":"closed","template":"","meta":{"footnotes":""},"class_list":["post-431","page","type-page","status-publish","hentry"],"_links":{"self":[{"href":"https:\/\/www.newlectures.fi\/fi\/wp-json\/wp\/v2\/pages\/431"}],"collection":[{"href":"https:\/\/www.newlectures.fi\/fi\/wp-json\/wp\/v2\/pages"}],"about":[{"href":"https:\/\/www.newlectures.fi\/fi\/wp-json\/wp\/v2\/types\/page"}],"author":[{"embeddable":true,"href":"https:\/\/www.newlectures.fi\/fi\/wp-json\/wp\/v2\/users\/1"}],"replies":[{"embeddable":true,"href":"https:\/\/www.newlectures.fi\/fi\/wp-json\/wp\/v2\/comments?post=431"}],"version-history":[{"count":44,"href":"https:\/\/www.newlectures.fi\/fi\/wp-json\/wp\/v2\/pages\/431\/revisions"}],"predecessor-version":[{"id":891,"href":"https:\/\/www.newlectures.fi\/fi\/wp-json\/wp\/v2\/pages\/431\/revisions\/891"}],"wp:attachment":[{"href":"https:\/\/www.newlectures.fi\/fi\/wp-json\/wp\/v2\/media?parent=431"}],"curies":[{"name":"wp","href":"https:\/\/api.w.org\/{rel}","templated":true}]}}