{"id":278,"date":"2022-10-03T20:37:07","date_gmt":"2022-10-03T17:37:07","guid":{"rendered":"https:\/\/www.newlectures.fi\/?page_id=278"},"modified":"2024-09-22T00:15:38","modified_gmt":"2024-09-21T21:15:38","slug":"luennot-2022","status":"publish","type":"page","link":"https:\/\/www.newlectures.fi\/fi\/arkisto\/luennot-2022\/","title":{"rendered":"2022"},"content":{"rendered":"<style>\/*! elementor - v3.7.6 - 15-09-2022 *\/<br \/>\n.elementor-widget-divider{--divider-border-style:none;--divider-border-width:1px;--divider-color:#2c2c2c;--divider-icon-size:20px;--divider-element-spacing:10px;--divider-pattern-height:24px;--divider-pattern-size:20px;--divider-pattern-url:none;--divider-pattern-repeat:repeat-x}.elementor-widget-divider .elementor-divider{display:-webkit-box;display:-ms-flexbox;display:flex}.elementor-widget-divider .elementor-divider__text{font-size:15px;line-height:1;max-width:95%}.elementor-widget-divider .elementor-divider__element{margin:0 var(--divider-element-spacing);-ms-flex-negative:0;flex-shrink:0}.elementor-widget-divider .elementor-icon{font-size:var(--divider-icon-size)}.elementor-widget-divider .elementor-divider-separator{display:-webkit-box;display:-ms-flexbox;display:flex;margin:0;direction:ltr}.elementor-widget-divider--view-line_icon .elementor-divider-separator,.elementor-widget-divider--view-line_text .elementor-divider-separator{-webkit-box-align:center;-ms-flex-align:center;align-items:center}.elementor-widget-divider--view-line_icon .elementor-divider-separator:after,.elementor-widget-divider--view-line_icon .elementor-divider-separator:before,.elementor-widget-divider--view-line_text .elementor-divider-separator:after,.elementor-widget-divider--view-line_text .elementor-divider-separator:before{display:block;content:\"\";border-bottom:0;-webkit-box-flex:1;-ms-flex-positive:1;flex-grow:1;border-top:var(--divider-border-width) var(--divider-border-style) var(--divider-color)}.elementor-widget-divider--element-align-left .elementor-divider .elementor-divider-separator>.elementor-divider__svg:first-of-type{-webkit-box-flex:0;-ms-flex-positive:0;flex-grow:0;-ms-flex-negative:100;flex-shrink:100}.elementor-widget-divider--element-align-left .elementor-divider-separator:before{content:none}.elementor-widget-divider--element-align-left .elementor-divider__element{margin-left:0}.elementor-widget-divider--element-align-right .elementor-divider .elementor-divider-separator>.elementor-divider__svg:last-of-type{-webkit-box-flex:0;-ms-flex-positive:0;flex-grow:0;-ms-flex-negative:100;flex-shrink:100}.elementor-widget-divider--element-align-right .elementor-divider-separator:after{content:none}.elementor-widget-divider--element-align-right .elementor-divider__element{margin-right:0}.elementor-widget-divider:not(.elementor-widget-divider--view-line_text):not(.elementor-widget-divider--view-line_icon) .elementor-divider-separator{border-top:var(--divider-border-width) var(--divider-border-style) var(--divider-color)}.elementor-widget-divider--separator-type-pattern{--divider-border-style:none}.elementor-widget-divider--separator-type-pattern.elementor-widget-divider--view-line .elementor-divider-separator,.elementor-widget-divider--separator-type-pattern:not(.elementor-widget-divider--view-line) .elementor-divider-separator:after,.elementor-widget-divider--separator-type-pattern:not(.elementor-widget-divider--view-line) .elementor-divider-separator:before,.elementor-widget-divider--separator-type-pattern:not([class*=elementor-widget-divider--view]) .elementor-divider-separator{width:100%;min-height:var(--divider-pattern-height);-webkit-mask-size:var(--divider-pattern-size) 100%;mask-size:var(--divider-pattern-size) 100%;-webkit-mask-repeat:var(--divider-pattern-repeat);mask-repeat:var(--divider-pattern-repeat);background-color:var(--divider-color);-webkit-mask-image:var(--divider-pattern-url);mask-image:var(--divider-pattern-url)}.elementor-widget-divider--no-spacing{--divider-pattern-size:auto}.elementor-widget-divider--bg-round{--divider-pattern-repeat:round}.rtl .elementor-widget-divider .elementor-divider__text{direction:rtl}.e-container>.elementor-widget-divider{width:var(--container-widget-width,100%);--flex-grow:var(--container-widget-flex-grow,0)}<\/style>\n<style>\/*! elementor - v3.7.6 - 15-09-2022 *\/<br \/>\n.elementor-widget-image{text-align:center}.elementor-widget-image a{display:inline-block}.elementor-widget-image a img[src$=\".svg\"]{width:48px}.elementor-widget-image img{vertical-align:middle;display:inline-block}<\/style>\n<p>\t\t\t\t\t\t\t\t\t\t\t\t<img loading=\"lazy\" decoding=\"async\" width=\"800\" height=\"450\" src=\"https:\/\/www.newlectures.fi\/wp-content\/uploads\/2022\/10\/kuva39_Jarvela-1024x576.jpg\" alt=\"\" loading=\"lazy\" srcset=\"https:\/\/www.newlectures.fi\/wp-content\/uploads\/2022\/10\/kuva39_Jarvela-1024x576.jpg 1024w, https:\/\/www.newlectures.fi\/wp-content\/uploads\/2022\/10\/kuva39_Jarvela-300x169.jpg 300w, https:\/\/www.newlectures.fi\/wp-content\/uploads\/2022\/10\/kuva39_Jarvela-768x432.jpg 768w, https:\/\/www.newlectures.fi\/wp-content\/uploads\/2022\/10\/kuva39_Jarvela-1536x864.jpg 1536w, https:\/\/www.newlectures.fi\/wp-content\/uploads\/2022\/10\/kuva39_Jarvela-2048x1152.jpg 2048w, https:\/\/www.newlectures.fi\/wp-content\/uploads\/2022\/10\/kuva39_Jarvela-18x10.jpg 18w\" sizes=\"(max-width: 800px) 100vw, 800px\" \/><\/p>\n<h1>Milloin<\/h1>\n<p>27.10.2022 13:00 \u2013 18:00<\/p>\n<h1>Miss\u00e4<\/h1>\n<p>Kandidaattikeskus<br \/>\nAalto-sali (A-Sali, Otakaari 1)<\/p>\n<h1>Tapahtuman kieli<\/h1>\n<p>englanti<\/p>\n<h4>Acte I<\/h4>\n<p>chair Panu Savolainen<\/p>\n<h4>&nbsp;<\/h4>\n<h4>&nbsp;&nbsp;<\/h4>\n<h4>&nbsp;<\/h4>\n<h4>&nbsp;<\/h4>\n<h4 style=\"font-family: Helvetica, sans-serif; color: #000000;\">&nbsp;<\/h4>\n<h4 style=\"font-family: Helvetica, sans-serif; color: #000000;\">&nbsp;&nbsp;<\/h4>\n<h4>&nbsp;<\/h4>\n<h4 style=\"font-family: Helvetica, sans-serif; color: #000000;\">Acte II<\/h4>\n<p>chair Antti Lehto<\/p>\n<p>13.00<\/p>\n<p>13.15<\/p>\n<p>13.30<\/p>\n<p>14.00<\/p>\n<p>14.30<\/p>\n<p>14.30<\/p>\n<p>15.00<\/p>\n<p>16.15<\/p>\n<p>17.30<\/p>\n<p><strong>Panu Savolainen, <\/strong>Professor (tt), History of Architecture, Aalto University<\/p>\n<ol>\n \t<strong><i>Welcome and Prolegomena<\/i><\/strong><\/li>\n<li style=\"list-style-type: none;\"><\/li>\n<\/ol>\n<p><strong>Antti Lehto,<\/strong> Professor (tt), Housing design, Aalto University<\/p>\n<ul>\n \t<strong style=\"background-color: transparent;\"><i>Introduction to the theme of the day<\/i><\/strong><\/li>\n<\/ul>\n<ol>\n<li style=\"list-style-type: none;\"><\/li>\n<\/ol>\n<p>Ella M\u00fcller, Architect<\/p>\n<ol>\n \t<em><strong>Modern architecture and waste \u2013 a historical perspective<\/strong><\/em><\/li>\n<\/ol>\n<p>Iida Kalakoski, Architect, university teacher, Tampere University<\/p>\n<ul>\n \t<strong><em>Built Heritage and Circular Economy<\/em><\/strong><\/li>\n<\/ul>\n<p>Coffee at the lobby<\/p>\n<p>Havu J\u00e4rvel\u00e4, Architect<\/p>\n<ol>\n \t<em><strong>Recycled block of flats<\/strong><\/em><\/li>\n<li style=\"list-style-type: none;\">\n<ol>\n<li style=\"list-style-type: none;\"><\/li>\n<\/ol>\n<\/li>\n<\/ol>\n<p>Tina Ekener, Architect, baub\u00fcro in situ, Basel<\/p>\n<ul>\n \t<em><strong>Building with the existing: reuse in Architecture<\/strong><\/em><\/li>\n<\/ul>\n<ol>\n<li style=\"list-style-type: none;\"><\/li>\n<\/ol>\n<p>Daniel Abramson, Professor, History of Art &amp; Architecture, Boston University<\/p>\n<ul>\n \t<em><strong>Obsolescence<\/strong><\/em><\/li>\n<\/ul>\n<p>Drinks and snacks<\/p>\n<p style=\"font-size: 15px;\">Maapalloa ja biosf\u00e4\u00e4ri\u00e4 uhkaa ennenn\u00e4kem\u00e4t\u00f6n kriisi, jossa ilmaston l\u00e4mpeneminen, massasukupuutot ja luonnonvarojen ehtyminen pakottavat meid\u00e4t muuttamaan el\u00e4m\u00e4ntapamme perusteellisesti. Kiertotalous on muotoutunut poliittisessa p\u00e4\u00e4t\u00f6ksenteossa, tutkimuksessa ja yleisestikin yhteiskunnassa mahdollisuudeksi ja tavoiteltavaksi talousmalliksi energiaj\u00e4rjestelmist\u00e4 kulutustavaroihin. Rakennetun ymp\u00e4rist\u00f6n kohdalla kiertotalous tarkoittaa uusien luonnonresurssien k\u00e4yt\u00f6n v\u00e4hent\u00e4mist\u00e4 ja lopettamista. K\u00e4yt\u00e4nn\u00f6ss\u00e4 t\u00e4m\u00e4 tarkoittaa uudisrakentamisen v\u00e4ltt\u00e4mist\u00e4, olemassaolevan rakennuskannan vaalimista sek\u00e4 rakennusmateriaalien uudelleenk\u00e4ytt\u00f6\u00e4.<\/p>\n<p style=\"font-size: 15px;\">Arkkitehtuurissa kiertotalousparadigma tarvitsee onnistuakseen perinpohjaisen ajattelutapojen, arvojen ja kulttuurisen muutoksen, ei pelk\u00e4st\u00e4\u00e4n laskennallisia ja teknologisia uudistuksia. Ilmastokriisi\u00e4 ja luontokatoa sek\u00e4 niiden edellytt\u00e4mi\u00e4 toimenpiteit\u00e4 on verrattu teolliseen vallankumoukseen \u2013 ne tulevat muuttamaan ihmiskunnan elinoloja ja hyv\u00e4n el\u00e4m\u00e4n mahdollisuuksia niin perinpohjaisesti. Toisaalta arkkitehtuuri ja rakentaminen voivat olla suunnann\u00e4ytt\u00e4ji\u00e4 ja laajamittaisen muutoksen eturintamassa. Historian syviss\u00e4, laajoissa virroissa arkkitehtuuri on aina edustanut valtaj\u00e4rjestelmien ideologiaa \u2013 mutta my\u00f6s ennakoinut tulevaisuuden maailmaa.<\/p>\n<p style=\"font-size: 15px;\">Kiertotalouden idean voi tiivist\u00e4\u00e4 kolmeen k\u00e4skyyn: kielt\u00e4ydy, k\u00e4yt\u00e4 uudelleen ja kierr\u00e4t\u00e4. Kaikki ne ovat arkkitehtuurin ydinkymyksi\u00e4 ja sovellettavissa suunnitteluun. Kielt\u00e4ytyminen merkitsee purkamisen v\u00e4ltt\u00e4mist\u00e4, rakennusten n\u00e4kemist\u00e4 sitoutuneen energian varantoina sen sijaan ett\u00e4 niit\u00e4 arvostettaisiin ja arvotettaisiin pelk\u00e4st\u00e4\u00e4n taloudellisten ja historiallisten arvojen l\u00e4ht\u00f6kohdista. Uudelleenk\u00e4ytt\u00f6 tarkoittaa rakennusten k\u00e4yt\u00f6n jatkamista sellaisenaan, erikokoisten rakennusrunkojen ja rakenteiden uudelleenk\u00e4ytt\u00f6\u00e4 paikalla tai uuteen rakennukseen siirrettyin\u00e4. Kierr\u00e4tys on kiertotalouden viimesijainen ratkaisu, sill\u00e4 siin\u00e4 materiaalien arvokierrosta s\u00e4ilyy v\u00e4hiten, kun esimerkiksi betonia murskataan tienpohjiksi.<\/p>\n<p style=\"font-size: 15px;\">Vuoden 2022 Nils Erik Wickberg -luennoilla kiertotaloutta l\u00e4hestyt\u00e4\u00e4n arkkitehtuurin historian, teorian ja tulevaisuuden k\u00e4yt\u00e4nt\u00f6jen l\u00e4ht\u00f6kohdista. Alan tutkijoiden ja k\u00e4yt\u00e4nn\u00f6n tekij\u00f6iden luennot luotaavat niin modernin arkkitehtuurin ja kulutuksen yhteyksi\u00e4 kuin esimerkiksi uutuuden ja j\u00e4tteen v\u00e4list\u00e4 kytkent\u00e4\u00e4. Kiertotalouden tulevaisuudentekij\u00e4t luovat n\u00e4k\u00f6aloja tulevaisuuteen, jossa voimme ymm\u00e4rt\u00e4\u00e4 ja n\u00e4hd\u00e4 arkkitehtuurin ja suunnittelun sek\u00e4 sen estetiikan toisin silmin kuin t\u00e4m\u00e4n hetken valtavirta.<\/p>\n","protected":false},"excerpt":{"rendered":"<p>Milloin 27.10.2022 13:00 \u2013 18:00 Miss\u00e4 Kandidaattikeskus Aalto-sali (A-Sali, Otakaari 1) Tapahtuman kieli englanti Acte I chair Panu Savolainen &nbsp; &nbsp;&nbsp; &nbsp; &nbsp; &nbsp; &nbsp;&nbsp; &nbsp; Acte II chair Antti Lehto 13.00 13.15 13.30 14.00 14.30 14.30 15.00 16.15 17.30 Panu Savolainen, Professor (tt), History of Architecture, Aalto University Welcome and Prolegomena Antti Lehto, Professor [&hellip;]<\/p>\n","protected":false},"author":1,"featured_media":0,"parent":500,"menu_order":2,"comment_status":"closed","ping_status":"closed","template":"","meta":{"footnotes":""},"class_list":["post-278","page","type-page","status-publish","hentry"],"_links":{"self":[{"href":"https:\/\/www.newlectures.fi\/fi\/wp-json\/wp\/v2\/pages\/278"}],"collection":[{"href":"https:\/\/www.newlectures.fi\/fi\/wp-json\/wp\/v2\/pages"}],"about":[{"href":"https:\/\/www.newlectures.fi\/fi\/wp-json\/wp\/v2\/types\/page"}],"author":[{"embeddable":true,"href":"https:\/\/www.newlectures.fi\/fi\/wp-json\/wp\/v2\/users\/1"}],"replies":[{"embeddable":true,"href":"https:\/\/www.newlectures.fi\/fi\/wp-json\/wp\/v2\/comments?post=278"}],"version-history":[{"count":51,"href":"https:\/\/www.newlectures.fi\/fi\/wp-json\/wp\/v2\/pages\/278\/revisions"}],"predecessor-version":[{"id":764,"href":"https:\/\/www.newlectures.fi\/fi\/wp-json\/wp\/v2\/pages\/278\/revisions\/764"}],"up":[{"embeddable":true,"href":"https:\/\/www.newlectures.fi\/fi\/wp-json\/wp\/v2\/pages\/500"}],"wp:attachment":[{"href":"https:\/\/www.newlectures.fi\/fi\/wp-json\/wp\/v2\/media?parent=278"}],"curies":[{"name":"wp","href":"https:\/\/api.w.org\/{rel}","templated":true}]}}