{"id":617,"date":"2024-09-18T10:52:46","date_gmt":"2024-09-18T07:52:46","guid":{"rendered":"https:\/\/www.newlectures.fi\/?page_id=617"},"modified":"2026-03-06T13:49:36","modified_gmt":"2026-03-06T10:49:36","slug":"luennot-2024","status":"publish","type":"page","link":"http:\/\/www.newlectures.fi\/en\/arkisto\/luennot-2024\/","title":{"rendered":"2024"},"content":{"rendered":"<div data-elementor-type=\"wp-page\" data-elementor-id=\"617\" class=\"elementor elementor-617\">\n\t\t\t\t\t\t<section class=\"elementor-section elementor-top-section elementor-element elementor-element-54efc92 elementor-section-boxed elementor-section-height-default elementor-section-height-default\" data-id=\"54efc92\" data-element_type=\"section\">\n\t\t\t\t\t\t<div class=\"elementor-container elementor-column-gap-default\">\n\t\t\t\t\t<div class=\"elementor-column elementor-col-100 elementor-top-column elementor-element elementor-element-bdcc385\" data-id=\"bdcc385\" data-element_type=\"column\">\n\t\t\t<div class=\"elementor-widget-wrap elementor-element-populated\">\n\t\t\t\t\t\t<div class=\"elementor-element elementor-element-1453791 elementor-widget-divider--separator-type-pattern elementor-widget-divider--no-spacing elementor-widget-divider--view-line elementor-widget elementor-widget-divider\" data-id=\"1453791\" data-element_type=\"widget\" data-widget_type=\"divider.default\">\n\t\t\t\t<div class=\"elementor-widget-container\">\n\t\t\t\t\t<div class=\"elementor-divider\" style=\"--divider-pattern-url: url(&quot;data:image\/svg+xml,%3Csvg xmlns=&#039;http:\/\/www.w3.org\/2000\/svg&#039; preserveAspectRatio=&#039;xMidYMid meet&#039; overflow=&#039;visible&#039; height=&#039;100%&#039; viewBox=&#039;0 0 120 26&#039; fill=&#039;black&#039; stroke=&#039;none&#039;%3E%3Cpath d=&#039;M54,1.6V26h-9V2.5L54,1.6z M69,1.6v23.3L60,26V1.6H69z M24,1.6v23.5l-9-0.6V1.6H24z M30,0l9,0.7v24.5h-9V0z M9,2.5v22H0V3.7L9,2.5z M75,1.6l9,0.9v22h-9V1.6z M99,2.7v21.7h-9V3.8L99,2.7z M114,3.8v20.7l-9-0.5V3.8L114,3.8z&#039;\/%3E%3C\/svg%3E&quot;);\">\n\t\t\t<span class=\"elementor-divider-separator\">\n\t\t\t\t\t\t<\/span>\n\t\t<\/div>\n\t\t\t\t<\/div>\n\t\t\t\t<\/div>\n\t\t\t\t<section class=\"elementor-section elementor-inner-section elementor-element elementor-element-4350c96 elementor-section-boxed elementor-section-height-default elementor-section-height-default\" data-id=\"4350c96\" data-element_type=\"section\">\n\t\t\t\t\t\t<div class=\"elementor-container elementor-column-gap-default\">\n\t\t\t\t\t<div class=\"elementor-column elementor-col-50 elementor-inner-column elementor-element elementor-element-43d81ad\" data-id=\"43d81ad\" data-element_type=\"column\">\n\t\t\t<div class=\"elementor-widget-wrap elementor-element-populated\">\n\t\t\t\t\t\t<div class=\"elementor-element elementor-element-2a934bd elementor-widget__width-initial elementor-widget-tablet__width-initial elementor-widget-mobile__width-initial elementor-widget elementor-widget-heading\" data-id=\"2a934bd\" data-element_type=\"widget\" data-widget_type=\"heading.default\">\n\t\t\t\t<div class=\"elementor-widget-container\">\n\t\t\t<h2 class=\"elementor-heading-title elementor-size-default\"><h1 style=\"box-sizing: inherit; font-size: 2.6rem; margin: 0px 0px 0.6rem; color: rgb(45, 45, 45); letter-spacing: normal; line-height: 2.8rem; hyphens: auto; word-break: break-word; font-family: inter, sans-serif; white-space-collapse: collapse;\">PAUSE! We need a time-out for fitting construction into planetary boundaries<\/h1><\/h2>\t\t<\/div>\n\t\t\t\t<\/div>\n\t\t\t\t\t<\/div>\n\t\t<\/div>\n\t\t\t\t<div class=\"elementor-column elementor-col-50 elementor-inner-column elementor-element elementor-element-7ea5a11\" data-id=\"7ea5a11\" data-element_type=\"column\">\n\t\t\t<div class=\"elementor-widget-wrap\">\n\t\t\t\t\t\t\t<\/div>\n\t\t<\/div>\n\t\t\t\t\t<\/div>\n\t\t<\/section>\n\t\t\t\t<div class=\"elementor-element elementor-element-da978e5 elementor-widget__width-initial elementor-widget elementor-widget-text-editor\" data-id=\"da978e5\" data-element_type=\"widget\" data-widget_type=\"text-editor.default\">\n\t\t\t\t<div class=\"elementor-widget-container\">\n\t\t\t\t\t\t\t<h2>When<br \/><strong>8.11.2024 <\/strong><strong>14:30 \u2013 17:30<\/strong><\/h2><h2>Where<br \/><strong>Aalto Hall \/ <\/strong>Undergraduate Centre, Aalto University, Otakaari 1<\/h2>\t\t\t\t\t\t<\/div>\n\t\t\t\t<\/div>\n\t\t\t\t<div class=\"elementor-element elementor-element-de378cc elementor-widget__width-initial elementor-widget-mobile__width-initial elementor-widget elementor-widget-text-editor\" data-id=\"de378cc\" data-element_type=\"widget\" data-widget_type=\"text-editor.default\">\n\t\t\t\t<div class=\"elementor-widget-container\">\n\t\t\t\t\t\t\t<h2>Registration period:<br \/><strong>13.9.2024 \u2013 30.10.2024<\/strong><\/h2><h2>Event language<br \/><strong>English<\/strong><\/h2>\t\t\t\t\t\t<\/div>\n\t\t\t\t<\/div>\n\t\t\t\t\t<\/div>\n\t\t<\/div>\n\t\t\t\t\t<\/div>\n\t\t<\/section>\n\t\t\t\t<section class=\"elementor-section elementor-top-section elementor-element elementor-element-5166d33 elementor-section-boxed elementor-section-height-default elementor-section-height-default\" data-id=\"5166d33\" data-element_type=\"section\">\n\t\t\t\t\t\t<div class=\"elementor-container elementor-column-gap-default\">\n\t\t\t\t\t<div class=\"elementor-column elementor-col-100 elementor-top-column elementor-element elementor-element-cde538d\" data-id=\"cde538d\" data-element_type=\"column\">\n\t\t\t<div class=\"elementor-widget-wrap elementor-element-populated\">\n\t\t\t\t\t\t<div class=\"elementor-element elementor-element-5539852 elementor-align-left elementor-widget__width-initial elementor-widget elementor-widget-button\" data-id=\"5539852\" data-element_type=\"widget\" data-widget_type=\"button.default\">\n\t\t\t\t<div class=\"elementor-widget-container\">\n\t\t\t\t\t<div class=\"elementor-button-wrapper\">\n\t\t\t<a class=\"elementor-button elementor-button-link elementor-size-sm elementor-animation-grow\" href=\"https:\/\/link.webropolsurveys.com\/Participation\/Public\/54118e8f-27ae-4202-8308-234862f0e46e?displayId=Fin3178375\">\n\t\t\t\t\t\t<span class=\"elementor-button-content-wrapper\">\n\t\t\t\t\t\t<span class=\"elementor-button-icon\">\n\t\t\t\t<svg xmlns=\"http:\/\/www.w3.org\/2000\/svg\" id=\"Layer_3\" viewbox=\"0 0 512 512\"><defs><style>      .cls-1 {        fill: #ffe84f;      }      .cls-2 {        fill: #231f20;      }    <\/style><\/defs><rect class=\"cls-1\" x=\"-242.1\" y=\"-337.95\" width=\"940.93\" height=\"1269.57\"><\/rect><g><rect class=\"cls-2\" x=\"123.15\" y=\"128.17\" width=\"87.22\" height=\"255.67\" rx=\"11.8\" ry=\"11.8\"><\/rect><rect class=\"cls-2\" x=\"301.63\" y=\"128.17\" width=\"87.22\" height=\"255.67\" rx=\"11.8\" ry=\"11.8\"><\/rect><\/g><\/svg>\t\t\t<\/span>\n\t\t\t\t\t\t\t\t\t<span class=\"elementor-button-text\">Registration<\/span>\n\t\t\t\t\t<\/span>\n\t\t\t\t\t<\/a>\n\t\t<\/div>\n\t\t\t\t<\/div>\n\t\t\t\t<\/div>\n\t\t\t\t<div class=\"elementor-element elementor-element-e70568e elementor-widget__width-initial elementor-widget-mobile__width-inherit elementor-widget elementor-widget-text-editor\" data-id=\"e70568e\" data-element_type=\"widget\" data-widget_type=\"text-editor.default\">\n\t\t\t\t<div class=\"elementor-widget-container\">\n\t\t\t\t\t\t\t<p>Humanity is facing a target conflict: We should build some 2 billion new homes, while cutting down 90% of the greenhouse gas emissions of the built environment. Already today, half of annually extracted raw materials are used in construction. As 90% of biodiversity loss is associated to the extraction of raw materials, there is an unpleasant connection between the destruction of the homes of non-humans, while housing humans in a safe and secure manner.<\/p>\t\t\t\t\t\t<\/div>\n\t\t\t\t<\/div>\n\t\t\t\t<div class=\"elementor-element elementor-element-bb1e26f elementor-widget__width-initial elementor-widget-mobile__width-inherit elementor-widget elementor-widget-text-editor\" data-id=\"bb1e26f\" data-element_type=\"widget\" data-widget_type=\"text-editor.default\">\n\t\t\t\t<div class=\"elementor-widget-container\">\n\t\t\t\t\t\t\t<p>In addition, the turbulence of the climate change may bring strong sea level rise, or cause sea currents to collapse. These, in turn, would have a dramatic impact to populations of all creatures on our home planet. We are calling a time-out for construction, until we find ways of building within the planetary boundaries. <strong>Is it possible to find a just and fair future for all life? Who can or has to decide on the division of resources? What can architects do?<\/strong><\/p>\t\t\t\t\t\t<\/div>\n\t\t\t\t<\/div>\n\t\t\t\t\t<\/div>\n\t\t<\/div>\n\t\t\t\t\t<\/div>\n\t\t<\/section>\n\t\t\t\t<section class=\"elementor-section elementor-top-section elementor-element elementor-element-fed8127 elementor-section-boxed elementor-section-height-default elementor-section-height-default\" data-id=\"fed8127\" data-element_type=\"section\">\n\t\t\t\t\t\t<div class=\"elementor-container elementor-column-gap-default\">\n\t\t\t\t\t<div class=\"elementor-column elementor-col-100 elementor-top-column elementor-element elementor-element-763da8e\" data-id=\"763da8e\" data-element_type=\"column\">\n\t\t\t<div class=\"elementor-widget-wrap elementor-element-populated\">\n\t\t\t\t\t\t<div class=\"elementor-element elementor-element-e2c0380 elementor-widget elementor-widget-image\" data-id=\"e2c0380\" data-element_type=\"widget\" data-widget_type=\"image.default\">\n\t\t\t\t<div class=\"elementor-widget-container\">\n\t\t\t\t\t\t\t\t\t\t\t\t\t<img fetchpriority=\"high\" decoding=\"async\" width=\"768\" height=\"768\" src=\"https:\/\/www.newlectures.fi\/wp-content\/uploads\/2024\/10\/NEW_nettiin-768x768.png\" class=\"attachment-medium_large size-medium_large wp-image-812\" alt=\"\" srcset=\"https:\/\/www.newlectures.fi\/wp-content\/uploads\/2024\/10\/NEW_nettiin-768x768.png 768w, https:\/\/www.newlectures.fi\/wp-content\/uploads\/2024\/10\/NEW_nettiin-300x300.png 300w, https:\/\/www.newlectures.fi\/wp-content\/uploads\/2024\/10\/NEW_nettiin-1024x1024.png 1024w, https:\/\/www.newlectures.fi\/wp-content\/uploads\/2024\/10\/NEW_nettiin-150x150.png 150w, https:\/\/www.newlectures.fi\/wp-content\/uploads\/2024\/10\/NEW_nettiin-12x12.png 12w, https:\/\/www.newlectures.fi\/wp-content\/uploads\/2024\/10\/NEW_nettiin.png 1067w\" sizes=\"(max-width: 768px) 100vw, 768px\" \/>\t\t\t\t\t\t\t\t\t\t\t\t\t<\/div>\n\t\t\t\t<\/div>\n\t\t\t\t\t<\/div>\n\t\t<\/div>\n\t\t\t\t\t<\/div>\n\t\t<\/section>\n\t\t\t\t<section class=\"elementor-section elementor-top-section elementor-element elementor-element-ed017ba elementor-section-boxed elementor-section-height-default elementor-section-height-default\" data-id=\"ed017ba\" data-element_type=\"section\">\n\t\t\t\t\t\t<div class=\"elementor-container elementor-column-gap-default\">\n\t\t\t\t\t<div class=\"elementor-column elementor-col-100 elementor-top-column elementor-element elementor-element-0c5fbd8\" data-id=\"0c5fbd8\" data-element_type=\"column\">\n\t\t\t<div class=\"elementor-widget-wrap elementor-element-populated\">\n\t\t\t\t\t\t<div class=\"elementor-element elementor-element-3831d0e elementor-widget elementor-widget-text-editor\" data-id=\"3831d0e\" data-element_type=\"widget\" data-widget_type=\"text-editor.default\">\n\t\t\t\t<div class=\"elementor-widget-container\">\n\t\t\t\t\t\t\t<p>Graphic design: Mai Multim\u00e4ki<br \/>Organising team: Matti Kuittinen, Panu Savolainen, Maija Kentt\u00e4mies, Nona Linnanm\u00e4ki, Mai Multim\u00e4ki, Anni Partanen, Eeva Rosenqvist, Venla Varkila<\/p>\t\t\t\t\t\t<\/div>\n\t\t\t\t<\/div>\n\t\t\t\t\t<\/div>\n\t\t<\/div>\n\t\t\t\t\t<\/div>\n\t\t<\/section>\n\t\t\t\t<\/div>","protected":false},"excerpt":{"rendered":"<p>PAUSE! We need a time-out for fitting construction into planetary boundaries When8.11.2024 14:30 \u2013 17:30 WhereAalto Hall \/ Undergraduate Centre, Aalto University, Otakaari 1 Registration period:13.9.2024 \u2013 30.10.2024 Event languageEnglish Registration Humanity is facing a target conflict: We should build some 2 billion new homes, while cutting down 90% of the greenhouse gas emissions of [&hellip;]<\/p>","protected":false},"author":3,"featured_media":613,"parent":500,"menu_order":1,"comment_status":"closed","ping_status":"closed","template":"","meta":{"footnotes":""},"class_list":["post-617","page","type-page","status-publish","has-post-thumbnail","hentry"],"_links":{"self":[{"href":"http:\/\/www.newlectures.fi\/en\/wp-json\/wp\/v2\/pages\/617"}],"collection":[{"href":"http:\/\/www.newlectures.fi\/en\/wp-json\/wp\/v2\/pages"}],"about":[{"href":"http:\/\/www.newlectures.fi\/en\/wp-json\/wp\/v2\/types\/page"}],"author":[{"embeddable":true,"href":"http:\/\/www.newlectures.fi\/en\/wp-json\/wp\/v2\/users\/3"}],"replies":[{"embeddable":true,"href":"http:\/\/www.newlectures.fi\/en\/wp-json\/wp\/v2\/comments?post=617"}],"version-history":[{"count":123,"href":"http:\/\/www.newlectures.fi\/en\/wp-json\/wp\/v2\/pages\/617\/revisions"}],"predecessor-version":[{"id":921,"href":"http:\/\/www.newlectures.fi\/en\/wp-json\/wp\/v2\/pages\/617\/revisions\/921"}],"up":[{"embeddable":true,"href":"http:\/\/www.newlectures.fi\/en\/wp-json\/wp\/v2\/pages\/500"}],"wp:featuredmedia":[{"embeddable":true,"href":"http:\/\/www.newlectures.fi\/en\/wp-json\/wp\/v2\/media\/613"}],"wp:attachment":[{"href":"http:\/\/www.newlectures.fi\/en\/wp-json\/wp\/v2\/media?parent=617"}],"curies":[{"name":"wp","href":"https:\/\/api.w.org\/{rel}","templated":true}]}}